{"id":1723,"date":"2016-11-22T20:57:05","date_gmt":"2016-11-22T19:57:05","guid":{"rendered":"http:\/\/invisiospec.com\/?page_id=1723\/"},"modified":"2017-01-31T10:22:50","modified_gmt":"2017-01-31T09:22:50","slug":"stante-sa-distributorom-gynekologickych-spekuli-invisio","status":"publish","type":"page","link":"https:\/\/invisiospec.com\/sk\/stante-sa-distributorom-gynekologickych-spekuli-invisio\/","title":{"rendered":"Sta\u0148te sa distrib\u00fatorom gynekologick\u00fdch spekul\u00ed Invisio"},"content":{"rendered":"","protected":false},"excerpt":{"rendered":"","protected":false},"author":7,"featured_media":0,"parent":0,"menu_order":0,"comment_status":"closed","ping_status":"closed","template":"","meta":[],"_links":{"self":[{"href":"https:\/\/invisiospec.com\/sk\/wp-json\/wp\/v2\/pages\/1723\/"}],"collection":[{"href":"https:\/\/invisiospec.com\/sk\/wp-json\/wp\/v2\/pages\/"}],"about":[{"href":"https:\/\/invisiospec.com\/sk\/wp-json\/wp\/v2\/types\/page\/"}],"author":[{"embeddable":true,"href":"https:\/\/invisiospec.com\/sk\/wp-json\/wp\/v2\/users\/7\/"}],"replies":[{"embeddable":true,"href":"https:\/\/invisiospec.com\/sk\/wp-json\/wp\/v2\/comments\/?post=1723"}],"version-history":[{"count":5,"href":"https:\/\/invisiospec.com\/sk\/wp-json\/wp\/v2\/pages\/1723\/revisions\/"}],"predecessor-version":[{"id":2542,"href":"https:\/\/invisiospec.com\/sk\/wp-json\/wp\/v2\/pages\/1723\/revisions\/2542\/"}],"wp:attachment":[{"href":"https:\/\/invisiospec.com\/sk\/wp-json\/wp\/v2\/media\/?parent=1723"}],"curies":[{"name":"wp","href":"https:\/\/api.w.org\/{rel}","templated":true}]}}