{"id":1712,"date":"2016-11-24T10:20:23","date_gmt":"2016-11-24T09:20:23","guid":{"rendered":"http:\/\/invisiospec.com\/?page_id=1712\/"},"modified":"2017-02-07T16:50:46","modified_gmt":"2017-02-07T15:50:46","slug":"preco-sa-oplati-pouzivat-spekula-invisio","status":"publish","type":"page","link":"https:\/\/invisiospec.com\/sk\/preco-sa-oplati-pouzivat-spekula-invisio\/","title":{"rendered":"Pre\u010do sa oplat\u00ed pou\u017e\u00edva\u0165 spekul\u00e1 Invisio?"},"content":{"rendered":"","protected":false},"excerpt":{"rendered":"","protected":false},"author":7,"featured_media":0,"parent":0,"menu_order":0,"comment_status":"closed","ping_status":"closed","template":"","meta":[],"_links":{"self":[{"href":"https:\/\/invisiospec.com\/sk\/wp-json\/wp\/v2\/pages\/1712\/"}],"collection":[{"href":"https:\/\/invisiospec.com\/sk\/wp-json\/wp\/v2\/pages\/"}],"about":[{"href":"https:\/\/invisiospec.com\/sk\/wp-json\/wp\/v2\/types\/page\/"}],"author":[{"embeddable":true,"href":"https:\/\/invisiospec.com\/sk\/wp-json\/wp\/v2\/users\/7\/"}],"replies":[{"embeddable":true,"href":"https:\/\/invisiospec.com\/sk\/wp-json\/wp\/v2\/comments\/?post=1712"}],"version-history":[{"count":11,"href":"https:\/\/invisiospec.com\/sk\/wp-json\/wp\/v2\/pages\/1712\/revisions\/"}],"predecessor-version":[{"id":2553,"href":"https:\/\/invisiospec.com\/sk\/wp-json\/wp\/v2\/pages\/1712\/revisions\/2553\/"}],"wp:attachment":[{"href":"https:\/\/invisiospec.com\/sk\/wp-json\/wp\/v2\/media\/?parent=1712"}],"curies":[{"name":"wp","href":"https:\/\/api.w.org\/{rel}","templated":true}]}}