{"id":1727,"date":"2016-11-24T10:21:27","date_gmt":"2016-11-24T09:21:27","guid":{"rendered":"http:\/\/invisiospec.com\/?page_id=1727\/"},"modified":"2017-01-30T13:44:16","modified_gmt":"2017-01-30T12:44:16","slug":"les-speculums-invisio-possedent-lexpertise-delivree-par-cbt-poznan","status":"publish","type":"page","link":"https:\/\/invisiospec.com\/fr\/les-speculums-invisio-possedent-lexpertise-delivree-par-cbt-poznan\/","title":{"rendered":"Les sp\u00e9culums Invisio poss\u00e8dent l&rsquo;expertise d\u00e9livr\u00e9e par CBT Pozna\u0144"},"content":{"rendered":"","protected":false},"excerpt":{"rendered":"","protected":false},"author":7,"featured_media":0,"parent":0,"menu_order":0,"comment_status":"closed","ping_status":"closed","template":"","meta":[],"_links":{"self":[{"href":"https:\/\/invisiospec.com\/fr\/wp-json\/wp\/v2\/pages\/1727\/"}],"collection":[{"href":"https:\/\/invisiospec.com\/fr\/wp-json\/wp\/v2\/pages\/"}],"about":[{"href":"https:\/\/invisiospec.com\/fr\/wp-json\/wp\/v2\/types\/page\/"}],"author":[{"embeddable":true,"href":"https:\/\/invisiospec.com\/fr\/wp-json\/wp\/v2\/users\/7\/"}],"replies":[{"embeddable":true,"href":"https:\/\/invisiospec.com\/fr\/wp-json\/wp\/v2\/comments\/?post=1727"}],"version-history":[{"count":11,"href":"https:\/\/invisiospec.com\/fr\/wp-json\/wp\/v2\/pages\/1727\/revisions\/"}],"predecessor-version":[{"id":1746,"href":"https:\/\/invisiospec.com\/fr\/wp-json\/wp\/v2\/pages\/1727\/revisions\/1746\/"}],"wp:attachment":[{"href":"https:\/\/invisiospec.com\/fr\/wp-json\/wp\/v2\/media\/?parent=1727"}],"curies":[{"name":"wp","href":"https:\/\/api.w.org\/{rel}","templated":true}]}}